{"id":64,"date":"2018-10-13T16:18:11","date_gmt":"2018-10-13T14:18:11","guid":{"rendered":"http:\/\/prestaloveshop.fr\/?page_id=64"},"modified":"2020-06-02T15:27:08","modified_gmt":"2020-06-02T13:27:08","slug":"contact","status":"publish","type":"page","link":"https:\/\/prestaloveshop.fr\/index.php\/contact\/","title":{"rendered":"Contact"},"content":{"rendered":"\t\t<div data-elementor-type=\"wp-page\" data-elementor-id=\"64\" class=\"elementor elementor-64\" data-elementor-settings=\"[]\">\n\t\t\t<div class=\"elementor-inner\">\n\t\t\t\t<div class=\"elementor-section-wrap\">\n\t\t\t\t\t\t\t<section class=\"elementor-element elementor-element-330a186 elementor-section-boxed elementor-section-height-default elementor-section-height-default elementor-section elementor-top-section\" data-id=\"330a186\" data-element_type=\"section\">\n\t\t\t\t\t\t<div class=\"elementor-container elementor-column-gap-default\">\n\t\t\t\t<div class=\"elementor-row\">\n\t\t\t\t<div class=\"elementor-element elementor-element-f1fac47 elementor-column elementor-col-100 elementor-top-column\" data-id=\"f1fac47\" data-element_type=\"column\">\n\t\t\t<div class=\"elementor-column-wrap  elementor-element-populated\">\n\t\t\t\t\t<div class=\"elementor-widget-wrap\">\n\t\t\t\t<div class=\"elementor-element elementor-element-b9eef20 elementor-widget elementor-widget-b9eef20\" data-id=\"b9eef20\" data-element_type=\"widget\" data-widget_type=\"b9eef20.default\">\n\t\t\t\t<div class=\"elementor-widget-container\">\n\t\t\t<form action=\"https:\/\/prestaloveshop.fr\/wp-admin\/admin-post.php\" method=\"post\" name=\"content-form-b9eef20\" id=\"content-form-b9eef20\" class=\"content-form content-form-contact b9eef20\"><input type=\"hidden\" id=\"_wpnonce_contact\" name=\"_wpnonce_contact\" value=\"717fda4362\" \/><input type=\"hidden\" name=\"_wp_http_referer\" value=\"\/index.php\/wp-json\/wp\/v2\/pages\/64\" \/><input type=\"hidden\" name=\"action\" value=\"content_form_submit\" \/><input type=\"hidden\" name=\"form-type\" value=\"contact\" \/><input type=\"hidden\" name=\"form-builder\" value=\"elementor\" \/><input type=\"hidden\" name=\"post-id\" value=\"64\" \/><input type=\"hidden\" name=\"form-id\" value=\"b9eef20\" \/>\n\n        <fieldset class=\"content-form-field-text elementor-column elementor-col-100\">\n\n            <label for=\"data[b9eef20][name]\"\n\t\t\t\t>\n\t\t\t\tNom<span class=\"required-mark\"> *<\/span>            <\/label>\n\n\t\t\t                    <input type=\"text\" name=\"data[b9eef20][name]\" id=\"data[b9eef20][name]\"\n\t\t\t\t\t\trequired=\"required\"  placeholder=\"Votre nom\">\n\t\t\t\t\t        <\/fieldset>\n\t\t\n\n        <fieldset class=\"content-form-field-text elementor-column elementor-col-100\">\n\n            <label for=\"data[b9eef20][name]\"\n\t\t\t\t>\n\t\t\t\tPr\u00e9nom<span class=\"required-mark\"> *<\/span>            <\/label>\n\n\t\t\t                    <input type=\"text\" name=\"data[b9eef20][name]\" id=\"data[b9eef20][name]\"\n\t\t\t\t\t\trequired=\"required\"  placeholder=\"Votre pr\u00e9nom\">\n\t\t\t\t\t        <\/fieldset>\n\t\t\n\n        <fieldset class=\"content-form-field-email elementor-column elementor-col-100\">\n\n            <label for=\"data[b9eef20][email]\"\n\t\t\t\t>\n\t\t\t\tEmail<span class=\"required-mark\"> *<\/span>            <\/label>\n\n\t\t\t                    <input type=\"text\" name=\"data[b9eef20][email]\" id=\"data[b9eef20][email]\"\n\t\t\t\t\t\trequired=\"required\"  placeholder=\"Adresse Email\">\n\t\t\t\t\t        <\/fieldset>\n\t\t\n\n        <fieldset class=\"content-form-field-number elementor-column elementor-col-100\">\n\n            <label for=\"data[b9eef20][phone]\"\n\t\t\t\t>\n\t\t\t\tT\u00e9l\u00e9phone<span class=\"required-mark\"> *<\/span>            <\/label>\n\n\t\t\t                    <input type=\"text\" name=\"data[b9eef20][phone]\" id=\"data[b9eef20][phone]\"\n\t\t\t\t\t\trequired=\"required\"  placeholder=\"T\u00e9l\u00e9phone Fixe ou Portable (Obligatoire)\">\n\t\t\t\t\t        <\/fieldset>\n\t\t\n\n        <fieldset class=\"content-form-field-textarea elementor-column elementor-col-100\">\n\n            <label for=\"data[b9eef20][message]\"\n\t\t\t\t>\n\t\t\t\tMessage<span class=\"required-mark\"> *<\/span>            <\/label>\n\n\t\t\t                    <textarea name=\"data[b9eef20][message]\" id=\"data[b9eef20][message]\"\n\t\t\t\t\t\t\t\t\t\t\t\trequired=\"required\"                              placeholder=\"Votre message\"\n                              cols=\"30\" rows=\"5\"><\/textarea>\n\t\t\t\t\t        <\/fieldset>\n\t\t        <fieldset class=\"submit-form contact\">\n            <button type=\"submit\" name=\"submit\" value=\"submit-contact-b9eef20\" class=\"\">\n\t            Envoyer                            <\/button>\n        <\/fieldset>\n\t\t<\/form>\t\t<\/div>\n\t\t\t\t<\/div>\n\t\t\t\t\t\t<\/div>\n\t\t\t<\/div>\n\t\t<\/div>\n\t\t\t\t\t\t<\/div>\n\t\t\t<\/div>\n\t\t<\/section>\n\t\t\t\t\t\t<\/div>\n\t\t\t<\/div>\n\t\t<\/div>\n\t\t","protected":false},"excerpt":{"rendered":"<p>Nom * Pr\u00e9nom * Email * T\u00e9l\u00e9phone * Message * Envoyer<\/p>\n","protected":false},"author":1,"featured_media":0,"parent":0,"menu_order":0,"comment_status":"closed","ping_status":"closed","template":"","meta":{"footnotes":""},"class_list":["post-64","page","type-page","status-publish","hentry","entry"],"_links":{"self":[{"href":"https:\/\/prestaloveshop.fr\/index.php\/wp-json\/wp\/v2\/pages\/64"}],"collection":[{"href":"https:\/\/prestaloveshop.fr\/index.php\/wp-json\/wp\/v2\/pages"}],"about":[{"href":"https:\/\/prestaloveshop.fr\/index.php\/wp-json\/wp\/v2\/types\/page"}],"author":[{"embeddable":true,"href":"https:\/\/prestaloveshop.fr\/index.php\/wp-json\/wp\/v2\/users\/1"}],"replies":[{"embeddable":true,"href":"https:\/\/prestaloveshop.fr\/index.php\/wp-json\/wp\/v2\/comments?post=64"}],"version-history":[{"count":5,"href":"https:\/\/prestaloveshop.fr\/index.php\/wp-json\/wp\/v2\/pages\/64\/revisions"}],"predecessor-version":[{"id":241,"href":"https:\/\/prestaloveshop.fr\/index.php\/wp-json\/wp\/v2\/pages\/64\/revisions\/241"}],"wp:attachment":[{"href":"https:\/\/prestaloveshop.fr\/index.php\/wp-json\/wp\/v2\/media?parent=64"}],"curies":[{"name":"wp","href":"https:\/\/api.w.org\/{rel}","templated":true}]}}